{"id":320,"date":"2025-05-24T16:04:38","date_gmt":"2025-05-24T16:04:38","guid":{"rendered":"https:\/\/radioalpendorada.net\/website\/?page_id=320"},"modified":"2025-08-25T23:03:08","modified_gmt":"2025-08-25T23:03:08","slug":"sobre-nos","status":"publish","type":"page","link":"https:\/\/radioalpendorada.net\/website\/sobre-nos\/","title":{"rendered":"SOBRE N\u00d3S"},"content":{"rendered":"<section class=\"l-section wpb_row height_small full_height valign_top\"><div class=\"l-section-h i-cf\"><div class=\"g-cols vc_row via_flex valign_top type_default stacking_default\"><div class=\"vc_col-sm-12 wpb_column vc_column_container\"><div class=\"vc_column-inner\"><div class=\"wpb_wrapper\"><div class=\"wpb_text_column\"><div class=\"wpb_wrapper\"><p style=\"text-align: center;\">\u00a0 \u00a0ESTATUTO EDITORIAL<br \/>\n&#8211; R\u00c1DIO ALPENDORADA &#8211;<\/p>\n<p>A R\u00e1dio Alpendorada \u00e9 um \u00f3rg\u00e3o de comunica\u00e7\u00e3o social vocacionado para servir a comunidade portuguesa de alpendorada espalhada pelo mundo e todos os portugueses em geral.<\/p>\n<p>A R\u00e1dio Alpendorada tem a finalidade de contribuir para a divulga\u00e7\u00e3o da Vila de Alpendorada, contribuindo desta forma para o desenvolvimento da regi\u00e3o e para a afirma\u00e7\u00e3o da sua identidade s\u00f3cio-cultural.<\/p>\n<p>A R\u00e1dio Alpendorada \u00e9 uma r\u00e1dio online, que ser\u00e1 transmitida atrav\u00e9s do site www.radioalpendorada.net.<\/p>\n<p>A R\u00e1dio Alpendorada \u00e9 uma r\u00e1dio online, de conte\u00fado musical \u2013 portuguesa, e para dar a conhecer a vila de alpendorada pelo mundo.<\/p>\n<p>A R\u00e1dio Alpendorada respeita as leis do mercado e obriga-se, dentro dos princ\u00edpios constitucionais e legais, a exercer a sua atividade com responsabilidade e coer\u00eancia.<\/p>\n<p>A R\u00e1dio Alpendorada orienta-se pelos princ\u00edpios morais e rege-se pela deontologia da Comunica\u00e7\u00e3o Social.<\/p>\n<p>R\u00e1dio Alpendorada Realizamos uma informa\u00e7\u00e3o que se destingue pelos crit\u00e9rios jornal\u00edsticos promovendo o exerc\u00edcio do direito de informar e ser informado, com rigor e independ\u00eancia.<\/p>\n<p>A R\u00e1dio Alpendorada respeita os direitos dos ouvintes, a \u00e9tica profissional e, princ\u00edpios deontol\u00f3gicos do jornalismo.<\/p>\n<\/div><\/div><\/div><\/div><\/div><\/div><\/div><\/section>\n","protected":false},"excerpt":{"rendered":"\u00a0 \u00a0ESTATUTO EDITORIAL &#8211; R\u00c1DIO ALPENDORADA &#8211; A R\u00e1dio Alpendorada \u00e9 um \u00f3rg\u00e3o de comunica\u00e7\u00e3o social vocacionado para servir a comunidade portuguesa de alpendorada espalhada pelo mundo e todos os portugueses em geral. A R\u00e1dio Alpendorada tem a finalidade de contribuir para a divulga\u00e7\u00e3o da Vila de Alpendorada, contribuindo desta forma para o desenvolvimento da...","protected":false},"author":2,"featured_media":0,"parent":0,"menu_order":0,"comment_status":"closed","ping_status":"closed","template":"","meta":{"_monsterinsights_skip_tracking":false,"_monsterinsights_sitenote_active":false,"_monsterinsights_sitenote_note":"","_monsterinsights_sitenote_category":0,"footnotes":""},"class_list":["post-320","page","type-page","status-publish","hentry"],"aioseo_notices":[],"_links":{"self":[{"href":"https:\/\/radioalpendorada.net\/website\/wp-json\/wp\/v2\/pages\/320","targetHints":{"allow":["GET"]}}],"collection":[{"href":"https:\/\/radioalpendorada.net\/website\/wp-json\/wp\/v2\/pages"}],"about":[{"href":"https:\/\/radioalpendorada.net\/website\/wp-json\/wp\/v2\/types\/page"}],"author":[{"embeddable":true,"href":"https:\/\/radioalpendorada.net\/website\/wp-json\/wp\/v2\/users\/2"}],"replies":[{"embeddable":true,"href":"https:\/\/radioalpendorada.net\/website\/wp-json\/wp\/v2\/comments?post=320"}],"version-history":[{"count":9,"href":"https:\/\/radioalpendorada.net\/website\/wp-json\/wp\/v2\/pages\/320\/revisions"}],"predecessor-version":[{"id":1280,"href":"https:\/\/radioalpendorada.net\/website\/wp-json\/wp\/v2\/pages\/320\/revisions\/1280"}],"wp:attachment":[{"href":"https:\/\/radioalpendorada.net\/website\/wp-json\/wp\/v2\/media?parent=320"}],"curies":[{"name":"wp","href":"https:\/\/api.w.org\/{rel}","templated":true}]}}