{"id":347,"date":"2025-05-25T13:25:47","date_gmt":"2025-05-25T13:25:47","guid":{"rendered":"https:\/\/radioalpendorada.net\/website\/?page_id=347"},"modified":"2026-02-11T10:17:47","modified_gmt":"2026-02-11T10:17:47","slug":"patrocinadores","status":"publish","type":"page","link":"https:\/\/radioalpendorada.net\/website\/patrocinadores\/","title":{"rendered":"patrocinadores"},"content":{"rendered":"<section class=\"l-section wpb_row height_small\"><div class=\"l-section-h i-cf\"><div class=\"g-cols vc_row via_flex valign_top type_default stacking_default\"><div class=\"vc_col-sm-12 wpb_column vc_column_container\"><div class=\"vc_column-inner\"><div class=\"wpb_wrapper\"><div class=\"wpb_text_column\"><div class=\"wpb_wrapper\"><p><span style=\"vertical-align: inherit;\"><span style=\"vertical-align: inherit;\"><\/p>\n<\/div><\/div><\/div><\/div><\/div><\/div><\/div><\/section><section class=\"l-section wpb_row height_small\"><div class=\"l-section-h i-cf\"><div class=\"g-cols vc_row via_flex valign_top type_default stacking_default\"><div class=\"vc_col-sm-8 wpb_column vc_column_container\"><div class=\"vc_column-inner\"><div class=\"wpb_wrapper\"><div class=\"w-image us_custom_b78189d8 style_outlined align_center\"><div class=\"w-image-h\"><img decoding=\"async\" width=\"300\" height=\"300\" src=\"https:\/\/radioalpendorada.net\/website\/wp-content\/uploads\/2025\/05\/descarregar-removebg-preview-300x300.png\" class=\"attachment-medium size-medium\" alt=\"\" loading=\"lazy\" srcset=\"https:\/\/radioalpendorada.net\/website\/wp-content\/uploads\/2025\/05\/descarregar-removebg-preview-300x300.png 300w, https:\/\/radioalpendorada.net\/website\/wp-content\/uploads\/2025\/05\/descarregar-removebg-preview-150x150.png 150w, https:\/\/radioalpendorada.net\/website\/wp-content\/uploads\/2025\/05\/descarregar-removebg-preview.png 500w\" sizes=\"auto, (max-width: 300px) 100vw, 300px\" \/><\/div><\/div><div class=\"w-separator size_small\"><\/div><div class=\"wpb_text_column us_custom_2d1b313d us_animate_this\"><div class=\"wpb_wrapper\"><p>Visitei , tu visitas, n\u00f3s visitamos&#8230;<br \/>\n<span style=\"vertical-align: inherit;\"><span style=\"vertical-align: inherit;\">O teu neg\u00f3cio tamb\u00e9m pode estar aqui <\/span><\/span><br \/>\n<span style=\"vertical-align: inherit;\"><span style=\"vertical-align: inherit;\">mais informa\u00e7\u00f5es contacte-nos telemovel 969026190 o para email <\/span><\/span><br \/>\n<span style=\"vertical-align: inherit;\"><span style=\"vertical-align: inherit;\">info@radioalpendorada.net<\/span><\/span><\/p>\n<\/div><\/div><\/div><\/div><\/div><div class=\"vc_col-sm-4 wpb_column vc_column_container\"><div class=\"vc_column-inner\"><div class=\"wpb_wrapper\"><div class=\"g-cols wpb_row via_flex valign_top type_default stacking_default\"><div class=\"vc_col-sm-12 wpb_column vc_column_container\"><div class=\"vc_column-inner\"><div class=\"wpb_wrapper\"><div class=\"w-html\"><div style=\"position:relative;width:100%;padding-top:56.25%;overflow:hidden;\">\n  <iframe\n    src=\"https:\/\/www.radioalpendorada.net\/tv.html\"\n    style=\"position:absolute;top:0;left:0;width:100%;height:60px;border:0;\"\n    allowfullscreen\n    loading=\"lazy\">\n  <\/iframe>\n<\/div>\n<\/div><\/div><\/div><\/div><\/div><\/div><\/div><\/div><\/div><\/div><\/section><section class=\"l-section wpb_row height_small\"><div class=\"l-section-h i-cf\"><div class=\"g-cols vc_row via_flex valign_top type_default stacking_default\"><div class=\"vc_col-sm-4 wpb_column vc_column_container\"><div class=\"vc_column-inner\"><div class=\"wpb_wrapper\"><div class=\"w-image style_shadow-2 align_center\"><a target=\"_blank\" href=\"https:\/\/apmedio.pt\/\" aria-label=\"Apmedio\" class=\"w-image-h\"><div class=\"w-image-shadow\" style=\"background-image:url(https:\/\/radioalpendorada.net\/website\/wp-content\/uploads\/2025\/05\/Apmedio-300x84.png);\"><\/div><img decoding=\"async\" width=\"300\" height=\"84\" src=\"https:\/\/radioalpendorada.net\/website\/wp-content\/uploads\/2025\/05\/Apmedio-300x84.png\" class=\"attachment-medium size-medium\" alt=\"\" loading=\"lazy\" srcset=\"https:\/\/radioalpendorada.net\/website\/wp-content\/uploads\/2025\/05\/Apmedio-300x84.png 300w, https:\/\/radioalpendorada.net\/website\/wp-content\/uploads\/2025\/05\/Apmedio-1024x287.png 1024w, https:\/\/radioalpendorada.net\/website\/wp-content\/uploads\/2025\/05\/Apmedio.png 1202w\" sizes=\"auto, (max-width: 300px) 100vw, 300px\" \/><\/a><\/div><div class=\"w-separator size_medium\"><\/div><div class=\"w-image align_none\"><a href=\"https:\/\/www.radios.com.br\/aovivo\/radio-alpendorada\/63889\" aria-label=\"app-radiosnet-234x60-a\" class=\"w-image-h\"><img decoding=\"async\" width=\"234\" height=\"60\" src=\"https:\/\/radioalpendorada.net\/website\/wp-content\/uploads\/2025\/05\/app-radiosnet-234x60-a.webp\" class=\"attachment-large size-large\" alt=\"\" loading=\"lazy\" \/><\/a><\/div><\/div><\/div><\/div><div class=\"vc_col-sm-12 wpb_column vc_column_container\"><div class=\"vc_column-inner\"><div class=\"wpb_wrapper\"><div class=\"w-separator size_medium\"><\/div><\/div><\/div><\/div><div class=\"vc_col-sm-4 wpb_column vc_column_container\"><div class=\"vc_column-inner\"><div class=\"wpb_wrapper\"><div class=\"w-image style_shadow-2 align_center\"><a target=\"_blank\" href=\"https:\/\/radioalpendorada.net\/website\/jvt\/\" aria-label=\"JVT\" class=\"w-image-h\"><div class=\"w-image-shadow\" style=\"background-image:url(https:\/\/radioalpendorada.net\/website\/wp-content\/uploads\/2025\/05\/JVT.png);\"><\/div><img decoding=\"async\" width=\"300\" height=\"100\" src=\"https:\/\/radioalpendorada.net\/website\/wp-content\/uploads\/2025\/05\/JVT.png\" class=\"attachment-medium size-medium\" alt=\"\" loading=\"lazy\" \/><\/a><\/div><div class=\"w-separator size_small\"><\/div><\/div><\/div><\/div><\/div><\/div><\/section><section class=\"l-section wpb_row height_small\"><div class=\"l-section-h i-cf\"><div class=\"g-cols vc_row via_flex valign_top type_default stacking_default\"><div class=\"vc_col-sm-12 wpb_column vc_column_container\"><div class=\"vc_column-inner\"><div class=\"wpb_wrapper\"><div class=\"wpb_text_column\"><div class=\"wpb_wrapper\"><p><\/span><\/span><\/p>\n<\/div><\/div><\/div><\/div><\/div><\/div><\/div><\/section>\n","protected":false},"excerpt":{"rendered":"Visitei , tu visitas, n\u00f3s visitamos&#8230; O teu neg\u00f3cio tamb\u00e9m pode estar aqui mais informa\u00e7\u00f5es contacte-nos telemovel 969026190 o para email info@radioalpendorada.net","protected":false},"author":1,"featured_media":0,"parent":0,"menu_order":0,"comment_status":"closed","ping_status":"closed","template":"","meta":{"_monsterinsights_skip_tracking":false,"_monsterinsights_sitenote_active":false,"_monsterinsights_sitenote_note":"","_monsterinsights_sitenote_category":0,"footnotes":""},"class_list":["post-347","page","type-page","status-publish","hentry"],"aioseo_notices":[],"_links":{"self":[{"href":"https:\/\/radioalpendorada.net\/website\/wp-json\/wp\/v2\/pages\/347","targetHints":{"allow":["GET"]}}],"collection":[{"href":"https:\/\/radioalpendorada.net\/website\/wp-json\/wp\/v2\/pages"}],"about":[{"href":"https:\/\/radioalpendorada.net\/website\/wp-json\/wp\/v2\/types\/page"}],"author":[{"embeddable":true,"href":"https:\/\/radioalpendorada.net\/website\/wp-json\/wp\/v2\/users\/1"}],"replies":[{"embeddable":true,"href":"https:\/\/radioalpendorada.net\/website\/wp-json\/wp\/v2\/comments?post=347"}],"version-history":[{"count":38,"href":"https:\/\/radioalpendorada.net\/website\/wp-json\/wp\/v2\/pages\/347\/revisions"}],"predecessor-version":[{"id":3241,"href":"https:\/\/radioalpendorada.net\/website\/wp-json\/wp\/v2\/pages\/347\/revisions\/3241"}],"wp:attachment":[{"href":"https:\/\/radioalpendorada.net\/website\/wp-json\/wp\/v2\/media?parent=347"}],"curies":[{"name":"wp","href":"https:\/\/api.w.org\/{rel}","templated":true}]}}